{"id":1995,"date":"2022-01-05T18:39:44","date_gmt":"2022-01-05T21:39:44","guid":{"rendered":"https:\/\/www.rhinomaquinas.com.br\/?page_id=1995"},"modified":"2024-03-27T10:28:33","modified_gmt":"2024-03-27T13:28:33","slug":"el-rhino","status":"publish","type":"page","link":"https:\/\/www.rhinomaquinas.com.br\/es\/el-rhino\/","title":{"rendered":"El Rhino"},"content":{"rendered":"<p><\/p>\r\n<h1 style=\"text-align: center;\">router es rhino<\/h1>\r\n<p style=\"text-align: center;\">Somos una empresa con m\u00e1s de<strong> 7 a\u00f1os de experiencia<\/strong> en la fabricaci\u00f3n e innovaci\u00f3n de<br \/>\r\nRouter CNC. \u00a1Ya hemos entregado m\u00e1s de<strong> 2000 m\u00e1quinas<\/strong> en todo Brasil y Am\u00e9rica Latina!<\/p>\r\n<p><img loading=\"lazy\" decoding=\"async\" class=\"alignnone wp-image-2055 size-full\" src=\"https:\/\/www.rhinomaquinas.com.br\/wp-content\/uploads\/2024\/03\/Imagem-equipe.jpg\" alt=\"\" width=\"1193\" height=\"795\" \/><\/p>\r\n<p>&nbsp;<\/p>\r\n<p>&nbsp;<\/p>\r\n<table style=\"border-collapse: collapse; width: 100%;\">\r\n<tbody>\r\n<tr>\r\n<td style=\"width: 42.6061%;\"><img loading=\"lazy\" decoding=\"async\" class=\"alignnone wp-image-975 size-medium\" src=\"https:\/\/www.rhinomaquinas.com.br\/wp-content\/uploads\/2023\/10\/Selo-2000-Maquinas-300x300.png\" alt=\"Router \u00e9 Rhino\" width=\"300\" height=\"300\" \/><\/td>\r\n<td style=\"width: 57.3939%;\">\r\n<p>Nuestra misi\u00f3n es ofrecer soluciones innovadoras en maquinaria y equipos para garantizar y proporcionar una mejora continua en el segmento de maquinaria, as\u00ed como ofrecer a nuestros clientes lo mejor en t\u00e9rminos de tecnolog\u00eda, automatizaci\u00f3n y rentabilidad, buscando siempre la satisfacci\u00f3n y garantizando la mejor compra.<\/p>\r\n<\/td>\r\n<\/tr>\r\n<\/tbody>\r\n<\/table>\r\n<h1 style=\"text-align: center;\">EXPANSI\u00d3N Y CRECIMIENTO<\/h1>\r\n<p style=\"text-align: center;\">En 2023 nos mudamos a nuestra propia sede, duplicando nuestra \u00e1rea de producci\u00f3n e invirtiendo a\u00fan m\u00e1s en equipos de calidad y tecnolog\u00eda avanzada. Adem\u00e1s, abrimos nuestra sucursal en Brusque, Santa Catarina\/BR , \u00a1ampliando nuestro equipo y cat\u00e1logo de m\u00e1quinas!<\/p>\r\n<p><img loading=\"lazy\" decoding=\"async\" class=\"alignnone wp-image-2058 size-full\" src=\"https:\/\/www.rhinomaquinas.com.br\/wp-content\/uploads\/2024\/03\/Imagem-fachada.jpg\" alt=\"\" width=\"1193\" height=\"795\" \/><\/p>\r\n<p><\/p>","protected":false},"excerpt":{"rendered":"<p>router es rhino Somos una empresa con m\u00e1s de 7 a\u00f1os de experiencia en la fabricaci\u00f3n e innovaci\u00f3n de Router CNC. \u00a1Ya hemos entregado m\u00e1s de 2000 m\u00e1quinas en todo Brasil y Am\u00e9rica Latina! &nbsp; &nbsp; Nuestra misi\u00f3n es ofrecer soluciones innovadoras en maquinaria y equipos para garantizar y proporcionar una mejora continua en el [&hellip;]<\/p>\n","protected":false},"author":5,"featured_media":2058,"parent":0,"menu_order":0,"comment_status":"closed","ping_status":"closed","template":"","meta":{"_acf_changed":false,"_joinchat":[],"footnotes":""},"class_list":["post-1995","page","type-page","status-publish","has-post-thumbnail","hentry"],"acf":{"dimensao_do_banner":{"largura":"1600","altura":"800"},"habilitar_slider":true,"slides":false},"yoast_head":"<!-- This site is optimized with the Yoast SEO plugin v27.3 - https:\/\/yoast.com\/product\/yoast-seo-wordpress\/ -->\n<title>El Rhino - Router \u00e9 Rhino<\/title>\n<meta name=\"robots\" content=\"index, follow, max-snippet:-1, max-image-preview:large, max-video-preview:-1\" \/>\n<link rel=\"canonical\" href=\"https:\/\/www.rhinomaquinas.com.br\/es\/el-rhino\/\" \/>\n<meta property=\"og:locale\" content=\"es_ES\" \/>\n<meta property=\"og:type\" content=\"article\" \/>\n<meta property=\"og:title\" content=\"El Rhino - Router \u00e9 Rhino\" \/>\n<meta property=\"og:description\" content=\"router es rhino Somos una empresa con m\u00e1s de 7 a\u00f1os de experiencia en la fabricaci\u00f3n e innovaci\u00f3n de Router CNC. \u00a1Ya hemos entregado m\u00e1s de 2000 m\u00e1quinas en todo Brasil y Am\u00e9rica Latina! &nbsp; &nbsp; Nuestra misi\u00f3n es ofrecer soluciones innovadoras en maquinaria y equipos para garantizar y proporcionar una mejora continua en el [&hellip;]\" \/>\n<meta property=\"og:url\" content=\"https:\/\/www.rhinomaquinas.com.br\/es\/el-rhino\/\" \/>\n<meta property=\"og:site_name\" content=\"Router \u00e9 Rhino\" \/>\n<meta property=\"article:modified_time\" content=\"2024-03-27T13:28:33+00:00\" \/>\n<meta property=\"og:image\" content=\"https:\/\/www.rhinomaquinas.com.br\/wp-content\/uploads\/2024\/03\/Imagem-equipe.jpg\" \/>\n<meta name=\"twitter:card\" content=\"summary_large_image\" \/>\n<meta name=\"twitter:label1\" content=\"Tiempo de lectura\" \/>\n\t<meta name=\"twitter:data1\" content=\"2 minutos\" \/>\n<script type=\"application\/ld+json\" class=\"yoast-schema-graph\">{\"@context\":\"https:\\\/\\\/schema.org\",\"@graph\":[{\"@type\":\"WebPage\",\"@id\":\"https:\\\/\\\/www.rhinomaquinas.com.br\\\/es\\\/el-rhino\\\/\",\"url\":\"https:\\\/\\\/www.rhinomaquinas.com.br\\\/es\\\/el-rhino\\\/\",\"name\":\"El Rhino - Router \u00e9 Rhino\",\"isPartOf\":{\"@id\":\"https:\\\/\\\/www.rhinomaquinas.com.br\\\/es\\\/#website\"},\"primaryImageOfPage\":{\"@id\":\"https:\\\/\\\/www.rhinomaquinas.com.br\\\/es\\\/el-rhino\\\/#primaryimage\"},\"image\":{\"@id\":\"https:\\\/\\\/www.rhinomaquinas.com.br\\\/es\\\/el-rhino\\\/#primaryimage\"},\"thumbnailUrl\":\"https:\\\/\\\/www.rhinomaquinas.com.br\\\/wp-content\\\/uploads\\\/2024\\\/03\\\/Imagem-fachada.jpg\",\"datePublished\":\"2022-01-05T21:39:44+00:00\",\"dateModified\":\"2024-03-27T13:28:33+00:00\",\"breadcrumb\":{\"@id\":\"https:\\\/\\\/www.rhinomaquinas.com.br\\\/es\\\/el-rhino\\\/#breadcrumb\"},\"inLanguage\":\"es\",\"potentialAction\":[{\"@type\":\"ReadAction\",\"target\":[\"https:\\\/\\\/www.rhinomaquinas.com.br\\\/es\\\/el-rhino\\\/\"]}]},{\"@type\":\"ImageObject\",\"inLanguage\":\"es\",\"@id\":\"https:\\\/\\\/www.rhinomaquinas.com.br\\\/es\\\/el-rhino\\\/#primaryimage\",\"url\":\"https:\\\/\\\/www.rhinomaquinas.com.br\\\/wp-content\\\/uploads\\\/2024\\\/03\\\/Imagem-fachada.jpg\",\"contentUrl\":\"https:\\\/\\\/www.rhinomaquinas.com.br\\\/wp-content\\\/uploads\\\/2024\\\/03\\\/Imagem-fachada.jpg\",\"width\":1193,\"height\":795},{\"@type\":\"BreadcrumbList\",\"@id\":\"https:\\\/\\\/www.rhinomaquinas.com.br\\\/es\\\/el-rhino\\\/#breadcrumb\",\"itemListElement\":[{\"@type\":\"ListItem\",\"position\":1,\"name\":\"In\u00edcio\",\"item\":\"https:\\\/\\\/www.rhinomaquinas.com.br\\\/es\\\/\"},{\"@type\":\"ListItem\",\"position\":2,\"name\":\"El Rhino\"}]},{\"@type\":\"WebSite\",\"@id\":\"https:\\\/\\\/www.rhinomaquinas.com.br\\\/es\\\/#website\",\"url\":\"https:\\\/\\\/www.rhinomaquinas.com.br\\\/es\\\/\",\"name\":\"Router \u00e9 Rhino\",\"description\":\"\",\"publisher\":{\"@id\":\"https:\\\/\\\/www.rhinomaquinas.com.br\\\/es\\\/#organization\"},\"potentialAction\":[{\"@type\":\"SearchAction\",\"target\":{\"@type\":\"EntryPoint\",\"urlTemplate\":\"https:\\\/\\\/www.rhinomaquinas.com.br\\\/es\\\/?s={search_term_string}\"},\"query-input\":{\"@type\":\"PropertyValueSpecification\",\"valueRequired\":true,\"valueName\":\"search_term_string\"}}],\"inLanguage\":\"es\"},{\"@type\":\"Organization\",\"@id\":\"https:\\\/\\\/www.rhinomaquinas.com.br\\\/es\\\/#organization\",\"name\":\"Router \u00e9 Rhino\",\"url\":\"https:\\\/\\\/www.rhinomaquinas.com.br\\\/es\\\/\",\"logo\":{\"@type\":\"ImageObject\",\"inLanguage\":\"es\",\"@id\":\"https:\\\/\\\/www.rhinomaquinas.com.br\\\/es\\\/#\\\/schema\\\/logo\\\/image\\\/\",\"url\":\"https:\\\/\\\/www.rhinomaquinas.com.br\\\/wp-content\\\/uploads\\\/2026\\\/01\\\/cropped-Logo-Verde.png\",\"contentUrl\":\"https:\\\/\\\/www.rhinomaquinas.com.br\\\/wp-content\\\/uploads\\\/2026\\\/01\\\/cropped-Logo-Verde.png\",\"width\":300,\"height\":75,\"caption\":\"Router \u00e9 Rhino\"},\"image\":{\"@id\":\"https:\\\/\\\/www.rhinomaquinas.com.br\\\/es\\\/#\\\/schema\\\/logo\\\/image\\\/\"}}]}<\/script>\n<!-- \/ Yoast SEO plugin. -->","yoast_head_json":{"title":"El Rhino - Router \u00e9 Rhino","robots":{"index":"index","follow":"follow","max-snippet":"max-snippet:-1","max-image-preview":"max-image-preview:large","max-video-preview":"max-video-preview:-1"},"canonical":"https:\/\/www.rhinomaquinas.com.br\/es\/el-rhino\/","og_locale":"es_ES","og_type":"article","og_title":"El Rhino - Router \u00e9 Rhino","og_description":"router es rhino Somos una empresa con m\u00e1s de 7 a\u00f1os de experiencia en la fabricaci\u00f3n e innovaci\u00f3n de Router CNC. \u00a1Ya hemos entregado m\u00e1s de 2000 m\u00e1quinas en todo Brasil y Am\u00e9rica Latina! &nbsp; &nbsp; Nuestra misi\u00f3n es ofrecer soluciones innovadoras en maquinaria y equipos para garantizar y proporcionar una mejora continua en el [&hellip;]","og_url":"https:\/\/www.rhinomaquinas.com.br\/es\/el-rhino\/","og_site_name":"Router \u00e9 Rhino","article_modified_time":"2024-03-27T13:28:33+00:00","og_image":[{"url":"https:\/\/www.rhinomaquinas.com.br\/wp-content\/uploads\/2024\/03\/Imagem-equipe.jpg","type":"","width":"","height":""}],"twitter_card":"summary_large_image","twitter_misc":{"Tiempo de lectura":"2 minutos"},"schema":{"@context":"https:\/\/schema.org","@graph":[{"@type":"WebPage","@id":"https:\/\/www.rhinomaquinas.com.br\/es\/el-rhino\/","url":"https:\/\/www.rhinomaquinas.com.br\/es\/el-rhino\/","name":"El Rhino - Router \u00e9 Rhino","isPartOf":{"@id":"https:\/\/www.rhinomaquinas.com.br\/es\/#website"},"primaryImageOfPage":{"@id":"https:\/\/www.rhinomaquinas.com.br\/es\/el-rhino\/#primaryimage"},"image":{"@id":"https:\/\/www.rhinomaquinas.com.br\/es\/el-rhino\/#primaryimage"},"thumbnailUrl":"https:\/\/www.rhinomaquinas.com.br\/wp-content\/uploads\/2024\/03\/Imagem-fachada.jpg","datePublished":"2022-01-05T21:39:44+00:00","dateModified":"2024-03-27T13:28:33+00:00","breadcrumb":{"@id":"https:\/\/www.rhinomaquinas.com.br\/es\/el-rhino\/#breadcrumb"},"inLanguage":"es","potentialAction":[{"@type":"ReadAction","target":["https:\/\/www.rhinomaquinas.com.br\/es\/el-rhino\/"]}]},{"@type":"ImageObject","inLanguage":"es","@id":"https:\/\/www.rhinomaquinas.com.br\/es\/el-rhino\/#primaryimage","url":"https:\/\/www.rhinomaquinas.com.br\/wp-content\/uploads\/2024\/03\/Imagem-fachada.jpg","contentUrl":"https:\/\/www.rhinomaquinas.com.br\/wp-content\/uploads\/2024\/03\/Imagem-fachada.jpg","width":1193,"height":795},{"@type":"BreadcrumbList","@id":"https:\/\/www.rhinomaquinas.com.br\/es\/el-rhino\/#breadcrumb","itemListElement":[{"@type":"ListItem","position":1,"name":"In\u00edcio","item":"https:\/\/www.rhinomaquinas.com.br\/es\/"},{"@type":"ListItem","position":2,"name":"El Rhino"}]},{"@type":"WebSite","@id":"https:\/\/www.rhinomaquinas.com.br\/es\/#website","url":"https:\/\/www.rhinomaquinas.com.br\/es\/","name":"Router \u00e9 Rhino","description":"","publisher":{"@id":"https:\/\/www.rhinomaquinas.com.br\/es\/#organization"},"potentialAction":[{"@type":"SearchAction","target":{"@type":"EntryPoint","urlTemplate":"https:\/\/www.rhinomaquinas.com.br\/es\/?s={search_term_string}"},"query-input":{"@type":"PropertyValueSpecification","valueRequired":true,"valueName":"search_term_string"}}],"inLanguage":"es"},{"@type":"Organization","@id":"https:\/\/www.rhinomaquinas.com.br\/es\/#organization","name":"Router \u00e9 Rhino","url":"https:\/\/www.rhinomaquinas.com.br\/es\/","logo":{"@type":"ImageObject","inLanguage":"es","@id":"https:\/\/www.rhinomaquinas.com.br\/es\/#\/schema\/logo\/image\/","url":"https:\/\/www.rhinomaquinas.com.br\/wp-content\/uploads\/2026\/01\/cropped-Logo-Verde.png","contentUrl":"https:\/\/www.rhinomaquinas.com.br\/wp-content\/uploads\/2026\/01\/cropped-Logo-Verde.png","width":300,"height":75,"caption":"Router \u00e9 Rhino"},"image":{"@id":"https:\/\/www.rhinomaquinas.com.br\/es\/#\/schema\/logo\/image\/"}}]}},"_links":{"self":[{"href":"https:\/\/www.rhinomaquinas.com.br\/es\/wp-json\/wp\/v2\/pages\/1995","targetHints":{"allow":["GET"]}}],"collection":[{"href":"https:\/\/www.rhinomaquinas.com.br\/es\/wp-json\/wp\/v2\/pages"}],"about":[{"href":"https:\/\/www.rhinomaquinas.com.br\/es\/wp-json\/wp\/v2\/types\/page"}],"author":[{"embeddable":true,"href":"https:\/\/www.rhinomaquinas.com.br\/es\/wp-json\/wp\/v2\/users\/5"}],"replies":[{"embeddable":true,"href":"https:\/\/www.rhinomaquinas.com.br\/es\/wp-json\/wp\/v2\/comments?post=1995"}],"version-history":[{"count":0,"href":"https:\/\/www.rhinomaquinas.com.br\/es\/wp-json\/wp\/v2\/pages\/1995\/revisions"}],"wp:featuredmedia":[{"embeddable":true,"href":"https:\/\/www.rhinomaquinas.com.br\/es\/wp-json\/wp\/v2\/media\/2058"}],"wp:attachment":[{"href":"https:\/\/www.rhinomaquinas.com.br\/es\/wp-json\/wp\/v2\/media?parent=1995"}],"curies":[{"name":"wp","href":"https:\/\/api.w.org\/{rel}","templated":true}]}}