{"id":1992,"date":"2024-10-23T08:00:44","date_gmt":"2024-10-23T11:00:44","guid":{"rendered":"https:\/\/www.rhinomaquinas.com.br\/pagina-inicial\/"},"modified":"2024-04-11T12:29:14","modified_gmt":"2024-04-11T15:29:14","slug":"pagina-de-inicio","status":"publish","type":"page","link":"https:\/\/www.rhinomaquinas.com.br\/es\/","title":{"rendered":"P\u00e1gina de inicio"},"content":{"rendered":"","protected":false},"excerpt":{"rendered":"","protected":false},"author":1,"featured_media":0,"parent":0,"menu_order":0,"comment_status":"closed","ping_status":"closed","template":"","meta":{"_acf_changed":false,"_joinchat":[],"footnotes":""},"class_list":["post-1992","page","type-page","status-publish","hentry"],"acf":{"dimensao_do_banner":{"largura":"1600","altura":"auto"},"habilitar_slider":true,"slides":[{"field_61db310ab01a3":null,"field_61db312bb01a4":"","field_61db313fb01a5":"1"},{"field_61db310ab01a3":null,"field_61db312bb01a4":"","field_61db313fb01a5":"1"}],"nossos_numeros":[{"field_61dbb3eea0480":1080,"field_61dbb408a0481":"2000","field_61dbb40ea0482":"M\u00e1quinas<br\/>vendidas"},{"field_61dbb3eea0480":1074,"field_61dbb408a0481":"80","field_61dbb40ea0482":"Ciudades<br\/>atendidas"},{"field_61dbb3eea0480":1076,"field_61dbb408a0481":"60","field_61dbb40ea0482":"Empleados<br\/>cualificados"},{"field_61dbb3eea0480":1078,"field_61dbb408a0481":"9.000m\u00b2","field_61dbb40ea0482":"Zona<br\/>industrial"}],"router_e_rhino":{"titulo":"<span>#<\/span>Router<span>es<\/span>Rhino","texto":"<p>Nuestra misi\u00f3n es ofrecer soluciones innovadoras en maquinaria y equipos para garantizar y proporcionar una mejora continua en el segmento de maquinaria, as\u00ed como ofrecer a nuestros clientes lo mejor en t\u00e9rminos de tecnolog\u00eda, automatizaci\u00f3n y rentabilidad, buscando siempre la satisfacci\u00f3n y garantizando la mejor compra.<\/p>","items":[{"field_61e7f5a9daad1":1292,"field_61e7f5cadaad2":"Calidad<br\/>garantizada"},{"field_61e7f5a9daad1":1290,"field_61e7f5cadaad2":"Asistencia<br\/>t\u00e9cnica"},{"field_61e7f5a9daad1":1288,"field_61e7f5cadaad2":"Garant\u00eda<br\/>de 1 a\u00f1o"},{"field_61e7f5a9daad1":1286,"field_61e7f5cadaad2":"Servicio<br\/>especializado"}],"imagem":1856,"imagem_mobile":null}},"yoast_head":"<!-- This site is optimized with the Yoast SEO plugin v27.3 - https:\/\/yoast.com\/product\/yoast-seo-wordpress\/ -->\n<title>P\u00e1gina de inicio - Router \u00e9 Rhino<\/title>\n<meta name=\"description\" content=\"Somos uno de los mayores fabricantes de Router CNC de Brasil y buscamos innovaci\u00f3n y tecnolog\u00eda en nuestros equipos, despu\u00e9s de todo, \u00a1Router es Rhino!\" \/>\n<meta name=\"robots\" content=\"index, follow, max-snippet:-1, max-image-preview:large, max-video-preview:-1\" \/>\n<link rel=\"canonical\" href=\"https:\/\/www.rhinomaquinas.com.br\/es\/\" \/>\n<meta property=\"og:locale\" content=\"es_ES\" \/>\n<meta property=\"og:type\" content=\"article\" \/>\n<meta property=\"og:title\" content=\"P\u00e1gina de inicio - Router \u00e9 Rhino\" \/>\n<meta property=\"og:description\" content=\"Somos uno de los mayores fabricantes de Router CNC de Brasil y buscamos innovaci\u00f3n y tecnolog\u00eda en nuestros equipos, despu\u00e9s de todo, \u00a1Router es Rhino!\" \/>\n<meta property=\"og:url\" content=\"https:\/\/www.rhinomaquinas.com.br\/es\/\" \/>\n<meta property=\"og:site_name\" content=\"Router \u00e9 Rhino\" \/>\n<meta name=\"twitter:card\" content=\"summary_large_image\" \/>\n<script type=\"application\/ld+json\" class=\"yoast-schema-graph\">{\"@context\":\"https:\\\/\\\/schema.org\",\"@graph\":[{\"@type\":\"WebPage\",\"@id\":\"https:\\\/\\\/www.rhinomaquinas.com.br\\\/es\\\/\",\"url\":\"https:\\\/\\\/www.rhinomaquinas.com.br\\\/es\\\/\",\"name\":\"P\u00e1gina de inicio - Router \u00e9 Rhino\",\"isPartOf\":{\"@id\":\"https:\\\/\\\/www.rhinomaquinas.com.br\\\/es\\\/#website\"},\"datePublished\":\"2024-10-23T11:00:44+00:00\",\"description\":\"Somos uno de los mayores fabricantes de Router CNC de Brasil y buscamos innovaci\u00f3n y tecnolog\u00eda en nuestros equipos, despu\u00e9s de todo, \u00a1Router es Rhino!\",\"breadcrumb\":{\"@id\":\"https:\\\/\\\/www.rhinomaquinas.com.br\\\/es\\\/#breadcrumb\"},\"inLanguage\":\"es\",\"potentialAction\":[{\"@type\":\"ReadAction\",\"target\":[\"https:\\\/\\\/www.rhinomaquinas.com.br\\\/es\\\/\"]}]},{\"@type\":\"BreadcrumbList\",\"@id\":\"https:\\\/\\\/www.rhinomaquinas.com.br\\\/es\\\/#breadcrumb\",\"itemListElement\":[{\"@type\":\"ListItem\",\"position\":1,\"name\":\"In\u00edcio\",\"item\":\"https:\\\/\\\/www.rhinomaquinas.com.br\\\/es\\\/\"},{\"@type\":\"ListItem\",\"position\":2,\"name\":\"P\u00e1gina de inicio\"}]},{\"@type\":\"WebSite\",\"@id\":\"https:\\\/\\\/www.rhinomaquinas.com.br\\\/es\\\/#website\",\"url\":\"https:\\\/\\\/www.rhinomaquinas.com.br\\\/es\\\/\",\"name\":\"Router \u00e9 Rhino\",\"description\":\"\",\"publisher\":{\"@id\":\"https:\\\/\\\/www.rhinomaquinas.com.br\\\/es\\\/#organization\"},\"potentialAction\":[{\"@type\":\"SearchAction\",\"target\":{\"@type\":\"EntryPoint\",\"urlTemplate\":\"https:\\\/\\\/www.rhinomaquinas.com.br\\\/es\\\/?s={search_term_string}\"},\"query-input\":{\"@type\":\"PropertyValueSpecification\",\"valueRequired\":true,\"valueName\":\"search_term_string\"}}],\"inLanguage\":\"es\"},{\"@type\":\"Organization\",\"@id\":\"https:\\\/\\\/www.rhinomaquinas.com.br\\\/es\\\/#organization\",\"name\":\"Router \u00e9 Rhino\",\"url\":\"https:\\\/\\\/www.rhinomaquinas.com.br\\\/es\\\/\",\"logo\":{\"@type\":\"ImageObject\",\"inLanguage\":\"es\",\"@id\":\"https:\\\/\\\/www.rhinomaquinas.com.br\\\/es\\\/#\\\/schema\\\/logo\\\/image\\\/\",\"url\":\"https:\\\/\\\/www.rhinomaquinas.com.br\\\/wp-content\\\/uploads\\\/2026\\\/01\\\/cropped-Logo-Verde.png\",\"contentUrl\":\"https:\\\/\\\/www.rhinomaquinas.com.br\\\/wp-content\\\/uploads\\\/2026\\\/01\\\/cropped-Logo-Verde.png\",\"width\":300,\"height\":75,\"caption\":\"Router \u00e9 Rhino\"},\"image\":{\"@id\":\"https:\\\/\\\/www.rhinomaquinas.com.br\\\/es\\\/#\\\/schema\\\/logo\\\/image\\\/\"}}]}<\/script>\n<!-- \/ Yoast SEO plugin. -->","yoast_head_json":{"title":"P\u00e1gina de inicio - Router \u00e9 Rhino","description":"Somos uno de los mayores fabricantes de Router CNC de Brasil y buscamos innovaci\u00f3n y tecnolog\u00eda en nuestros equipos, despu\u00e9s de todo, \u00a1Router es Rhino!","robots":{"index":"index","follow":"follow","max-snippet":"max-snippet:-1","max-image-preview":"max-image-preview:large","max-video-preview":"max-video-preview:-1"},"canonical":"https:\/\/www.rhinomaquinas.com.br\/es\/","og_locale":"es_ES","og_type":"article","og_title":"P\u00e1gina de inicio - Router \u00e9 Rhino","og_description":"Somos uno de los mayores fabricantes de Router CNC de Brasil y buscamos innovaci\u00f3n y tecnolog\u00eda en nuestros equipos, despu\u00e9s de todo, \u00a1Router es Rhino!","og_url":"https:\/\/www.rhinomaquinas.com.br\/es\/","og_site_name":"Router \u00e9 Rhino","twitter_card":"summary_large_image","schema":{"@context":"https:\/\/schema.org","@graph":[{"@type":"WebPage","@id":"https:\/\/www.rhinomaquinas.com.br\/es\/","url":"https:\/\/www.rhinomaquinas.com.br\/es\/","name":"P\u00e1gina de inicio - Router \u00e9 Rhino","isPartOf":{"@id":"https:\/\/www.rhinomaquinas.com.br\/es\/#website"},"datePublished":"2024-10-23T11:00:44+00:00","description":"Somos uno de los mayores fabricantes de Router CNC de Brasil y buscamos innovaci\u00f3n y tecnolog\u00eda en nuestros equipos, despu\u00e9s de todo, \u00a1Router es Rhino!","breadcrumb":{"@id":"https:\/\/www.rhinomaquinas.com.br\/es\/#breadcrumb"},"inLanguage":"es","potentialAction":[{"@type":"ReadAction","target":["https:\/\/www.rhinomaquinas.com.br\/es\/"]}]},{"@type":"BreadcrumbList","@id":"https:\/\/www.rhinomaquinas.com.br\/es\/#breadcrumb","itemListElement":[{"@type":"ListItem","position":1,"name":"In\u00edcio","item":"https:\/\/www.rhinomaquinas.com.br\/es\/"},{"@type":"ListItem","position":2,"name":"P\u00e1gina de inicio"}]},{"@type":"WebSite","@id":"https:\/\/www.rhinomaquinas.com.br\/es\/#website","url":"https:\/\/www.rhinomaquinas.com.br\/es\/","name":"Router \u00e9 Rhino","description":"","publisher":{"@id":"https:\/\/www.rhinomaquinas.com.br\/es\/#organization"},"potentialAction":[{"@type":"SearchAction","target":{"@type":"EntryPoint","urlTemplate":"https:\/\/www.rhinomaquinas.com.br\/es\/?s={search_term_string}"},"query-input":{"@type":"PropertyValueSpecification","valueRequired":true,"valueName":"search_term_string"}}],"inLanguage":"es"},{"@type":"Organization","@id":"https:\/\/www.rhinomaquinas.com.br\/es\/#organization","name":"Router \u00e9 Rhino","url":"https:\/\/www.rhinomaquinas.com.br\/es\/","logo":{"@type":"ImageObject","inLanguage":"es","@id":"https:\/\/www.rhinomaquinas.com.br\/es\/#\/schema\/logo\/image\/","url":"https:\/\/www.rhinomaquinas.com.br\/wp-content\/uploads\/2026\/01\/cropped-Logo-Verde.png","contentUrl":"https:\/\/www.rhinomaquinas.com.br\/wp-content\/uploads\/2026\/01\/cropped-Logo-Verde.png","width":300,"height":75,"caption":"Router \u00e9 Rhino"},"image":{"@id":"https:\/\/www.rhinomaquinas.com.br\/es\/#\/schema\/logo\/image\/"}}]}},"_links":{"self":[{"href":"https:\/\/www.rhinomaquinas.com.br\/es\/wp-json\/wp\/v2\/pages\/1992","targetHints":{"allow":["GET"]}}],"collection":[{"href":"https:\/\/www.rhinomaquinas.com.br\/es\/wp-json\/wp\/v2\/pages"}],"about":[{"href":"https:\/\/www.rhinomaquinas.com.br\/es\/wp-json\/wp\/v2\/types\/page"}],"author":[{"embeddable":true,"href":"https:\/\/www.rhinomaquinas.com.br\/es\/wp-json\/wp\/v2\/users\/1"}],"replies":[{"embeddable":true,"href":"https:\/\/www.rhinomaquinas.com.br\/es\/wp-json\/wp\/v2\/comments?post=1992"}],"version-history":[{"count":0,"href":"https:\/\/www.rhinomaquinas.com.br\/es\/wp-json\/wp\/v2\/pages\/1992\/revisions"}],"wp:attachment":[{"href":"https:\/\/www.rhinomaquinas.com.br\/es\/wp-json\/wp\/v2\/media?parent=1992"}],"curies":[{"name":"wp","href":"https:\/\/api.w.org\/{rel}","templated":true}]}}